{"id":72,"date":"2023-10-13T12:20:15","date_gmt":"2023-10-13T12:20:15","guid":{"rendered":"https:\/\/elegant-leavitt.212-227-154-71.plesk.page\/Judobaboon\/?post_type=product&#038;p=72"},"modified":"2025-10-06T13:51:45","modified_gmt":"2025-10-06T13:51:45","slug":"_003","status":"publish","type":"product","link":"https:\/\/judobaboon.com\/index.php\/producto\/_003\/","title":{"rendered":"_003"},"content":{"rendered":"","protected":false},"excerpt":{"rendered":"<p><strong>003 Uchi mata<\/strong><\/p>\n<p>Seiryouku-Zenyo, maximum efficient use of energy<\/p>\n<hr \/>\n<p>DETAILS<\/p>\n<pre>- 100% algod\u00f3n premium de 210g\r\n\r\n- Trabajo Bordado delante y espalda\r\n\r\n- Print Digital espalda, estampaci\u00f3n textura de un kimono\r\n\r\n- Lavar a 30\u00ba m\u00e1ximo<\/pre>\n<p>&nbsp;<\/p>\n<p>&nbsp;<\/p>\n","protected":false},"featured_media":301,"template":"","meta":[],"product_brand":[],"product_cat":[15],"product_tag":[],"class_list":{"0":"post-72","1":"product","2":"type-product","3":"status-publish","4":"has-post-thumbnail","6":"product_cat-15","8":"first","9":"outofstock","10":"featured","11":"taxable","12":"shipping-taxable","13":"purchasable","14":"product-type-variable"},"yoast_head":"<!-- This site is optimized with the Yoast SEO plugin v27.3 - https:\/\/yoast.com\/product\/yoast-seo-wordpress\/ -->\n<title>_003 - JUDOBABOON<\/title>\n<meta name=\"description\" content=\"Una camiseta de algod\u00f3n 100% de 210 gramos de peso, relacionada con el judo, que destaca por su dise\u00f1o \u00fanico y significativo. En la parte frontal, presenta un bordado detallado que representa una secuencia de uchi mata, una de las t\u00e9cnicas de lanzamiento m\u00e1s ic\u00f3nicas en el judo. En la parte trasera, la camiseta cuenta con una impresi\u00f3n digital de la posici\u00f3n de tsutemi uchi mata, lo que a\u00f1ade profundidad al dise\u00f1o y refuerza la conexi\u00f3n con este deporte. Adem\u00e1s, incorpora el kanji japon\u00e9s &quot;Seiryoku-Zenyo&quot;, que se traduce como &quot;m\u00e1ximo rendimiento con un m\u00ednimo esfuerzo&quot;, un principio fundamental del judo.\" \/>\n<meta name=\"robots\" content=\"index, follow, max-snippet:-1, max-image-preview:large, max-video-preview:-1\" \/>\n<link rel=\"canonical\" href=\"https:\/\/judobaboon.com\/index.php\/producto\/_003\/\" \/>\n<meta property=\"og:locale\" content=\"es_ES\" \/>\n<meta property=\"og:type\" content=\"article\" \/>\n<meta property=\"og:title\" content=\"_003 - JUDOBABOON\" \/>\n<meta property=\"og:description\" content=\"Una camiseta de algod\u00f3n 100% de 210 gramos de peso, relacionada con el judo, que destaca por su dise\u00f1o \u00fanico y significativo. En la parte frontal, presenta un bordado detallado que representa una secuencia de uchi mata, una de las t\u00e9cnicas de lanzamiento m\u00e1s ic\u00f3nicas en el judo. En la parte trasera, la camiseta cuenta con una impresi\u00f3n digital de la posici\u00f3n de tsutemi uchi mata, lo que a\u00f1ade profundidad al dise\u00f1o y refuerza la conexi\u00f3n con este deporte. Adem\u00e1s, incorpora el kanji japon\u00e9s &quot;Seiryoku-Zenyo&quot;, que se traduce como &quot;m\u00e1ximo rendimiento con un m\u00ednimo esfuerzo&quot;, un principio fundamental del judo.\" \/>\n<meta property=\"og:url\" content=\"https:\/\/judobaboon.com\/index.php\/producto\/_003\/\" \/>\n<meta property=\"og:site_name\" content=\"JUDOBABOON\" \/>\n<meta property=\"article:modified_time\" content=\"2025-10-06T13:51:45+00:00\" \/>\n<meta property=\"og:image\" content=\"https:\/\/judobaboon.com\/wp-content\/uploads\/2023\/10\/JB03-DELANTE-CUADRADO-scaled.jpg\" \/>\n\t<meta property=\"og:image:width\" content=\"2553\" \/>\n\t<meta property=\"og:image:height\" content=\"2560\" \/>\n\t<meta property=\"og:image:type\" content=\"image\/jpeg\" \/>\n<meta name=\"twitter:card\" content=\"summary_large_image\" \/>\n<script type=\"application\/ld+json\" class=\"yoast-schema-graph\">{\"@context\":\"https:\\\/\\\/schema.org\",\"@graph\":[{\"@type\":\"WebPage\",\"@id\":\"https:\\\/\\\/judobaboon.com\\\/index.php\\\/producto\\\/_003\\\/\",\"url\":\"https:\\\/\\\/judobaboon.com\\\/index.php\\\/producto\\\/_003\\\/\",\"name\":\"_003 - JUDOBABOON\",\"isPartOf\":{\"@id\":\"https:\\\/\\\/judobaboon.com\\\/#website\"},\"primaryImageOfPage\":{\"@id\":\"https:\\\/\\\/judobaboon.com\\\/index.php\\\/producto\\\/_003\\\/#primaryimage\"},\"image\":{\"@id\":\"https:\\\/\\\/judobaboon.com\\\/index.php\\\/producto\\\/_003\\\/#primaryimage\"},\"thumbnailUrl\":\"https:\\\/\\\/judobaboon.com\\\/wp-content\\\/uploads\\\/2023\\\/10\\\/JB03-DELANTE-CUADRADO-scaled.jpg\",\"datePublished\":\"2023-10-13T12:20:15+00:00\",\"dateModified\":\"2025-10-06T13:51:45+00:00\",\"description\":\"Una camiseta de algod\u00f3n 100% de 210 gramos de peso, relacionada con el judo, que destaca por su dise\u00f1o \u00fanico y significativo. En la parte frontal, presenta un bordado detallado que representa una secuencia de uchi mata, una de las t\u00e9cnicas de lanzamiento m\u00e1s ic\u00f3nicas en el judo. En la parte trasera, la camiseta cuenta con una impresi\u00f3n digital de la posici\u00f3n de tsutemi uchi mata, lo que a\u00f1ade profundidad al dise\u00f1o y refuerza la conexi\u00f3n con este deporte. Adem\u00e1s, incorpora el kanji japon\u00e9s \\\"Seiryoku-Zenyo\\\", que se traduce como \\\"m\u00e1ximo rendimiento con un m\u00ednimo esfuerzo\\\", un principio fundamental del judo.\",\"breadcrumb\":{\"@id\":\"https:\\\/\\\/judobaboon.com\\\/index.php\\\/producto\\\/_003\\\/#breadcrumb\"},\"inLanguage\":\"es\",\"potentialAction\":[{\"@type\":\"ReadAction\",\"target\":[\"https:\\\/\\\/judobaboon.com\\\/index.php\\\/producto\\\/_003\\\/\"]}]},{\"@type\":\"ImageObject\",\"inLanguage\":\"es\",\"@id\":\"https:\\\/\\\/judobaboon.com\\\/index.php\\\/producto\\\/_003\\\/#primaryimage\",\"url\":\"https:\\\/\\\/judobaboon.com\\\/wp-content\\\/uploads\\\/2023\\\/10\\\/JB03-DELANTE-CUADRADO-scaled.jpg\",\"contentUrl\":\"https:\\\/\\\/judobaboon.com\\\/wp-content\\\/uploads\\\/2023\\\/10\\\/JB03-DELANTE-CUADRADO-scaled.jpg\",\"width\":2553,\"height\":2560},{\"@type\":\"BreadcrumbList\",\"@id\":\"https:\\\/\\\/judobaboon.com\\\/index.php\\\/producto\\\/_003\\\/#breadcrumb\",\"itemListElement\":[{\"@type\":\"ListItem\",\"position\":1,\"name\":\"Ropa de Judo\",\"item\":\"https:\\\/\\\/judobaboon.com\\\/\"},{\"@type\":\"ListItem\",\"position\":2,\"name\":\"_003\"}]},{\"@type\":\"WebSite\",\"@id\":\"https:\\\/\\\/judobaboon.com\\\/#website\",\"url\":\"https:\\\/\\\/judobaboon.com\\\/\",\"name\":\"JUDOBABOON\",\"description\":\"The judoka who sweats more in training bleeds less in battle\",\"publisher\":{\"@id\":\"https:\\\/\\\/judobaboon.com\\\/#organization\"},\"potentialAction\":[{\"@type\":\"SearchAction\",\"target\":{\"@type\":\"EntryPoint\",\"urlTemplate\":\"https:\\\/\\\/judobaboon.com\\\/?s={search_term_string}\"},\"query-input\":{\"@type\":\"PropertyValueSpecification\",\"valueRequired\":true,\"valueName\":\"search_term_string\"}}],\"inLanguage\":\"es\"},{\"@type\":\"Organization\",\"@id\":\"https:\\\/\\\/judobaboon.com\\\/#organization\",\"name\":\"JUDOBABOON\",\"url\":\"https:\\\/\\\/judobaboon.com\\\/\",\"logo\":{\"@type\":\"ImageObject\",\"inLanguage\":\"es\",\"@id\":\"https:\\\/\\\/judobaboon.com\\\/#\\\/schema\\\/logo\\\/image\\\/\",\"url\":\"https:\\\/\\\/judobaboon.com\\\/wp-content\\\/uploads\\\/2023\\\/10\\\/cropped-LOGO-JUDO-BABOON-REGISTRO-1.png\",\"contentUrl\":\"https:\\\/\\\/judobaboon.com\\\/wp-content\\\/uploads\\\/2023\\\/10\\\/cropped-LOGO-JUDO-BABOON-REGISTRO-1.png\",\"width\":1129,\"height\":839,\"caption\":\"JUDOBABOON\"},\"image\":{\"@id\":\"https:\\\/\\\/judobaboon.com\\\/#\\\/schema\\\/logo\\\/image\\\/\"},\"sameAs\":[\"https:\\\/\\\/www.instagram.com\\\/judobaboon\\\/\"]}]}<\/script>\n<!-- \/ Yoast SEO plugin. -->","yoast_head_json":{"title":"_003 - JUDOBABOON","description":"Una camiseta de algod\u00f3n 100% de 210 gramos de peso, relacionada con el judo, que destaca por su dise\u00f1o \u00fanico y significativo. En la parte frontal, presenta un bordado detallado que representa una secuencia de uchi mata, una de las t\u00e9cnicas de lanzamiento m\u00e1s ic\u00f3nicas en el judo. En la parte trasera, la camiseta cuenta con una impresi\u00f3n digital de la posici\u00f3n de tsutemi uchi mata, lo que a\u00f1ade profundidad al dise\u00f1o y refuerza la conexi\u00f3n con este deporte. Adem\u00e1s, incorpora el kanji japon\u00e9s \"Seiryoku-Zenyo\", que se traduce como \"m\u00e1ximo rendimiento con un m\u00ednimo esfuerzo\", un principio fundamental del judo.","robots":{"index":"index","follow":"follow","max-snippet":"max-snippet:-1","max-image-preview":"max-image-preview:large","max-video-preview":"max-video-preview:-1"},"canonical":"https:\/\/judobaboon.com\/index.php\/producto\/_003\/","og_locale":"es_ES","og_type":"article","og_title":"_003 - JUDOBABOON","og_description":"Una camiseta de algod\u00f3n 100% de 210 gramos de peso, relacionada con el judo, que destaca por su dise\u00f1o \u00fanico y significativo. En la parte frontal, presenta un bordado detallado que representa una secuencia de uchi mata, una de las t\u00e9cnicas de lanzamiento m\u00e1s ic\u00f3nicas en el judo. En la parte trasera, la camiseta cuenta con una impresi\u00f3n digital de la posici\u00f3n de tsutemi uchi mata, lo que a\u00f1ade profundidad al dise\u00f1o y refuerza la conexi\u00f3n con este deporte. Adem\u00e1s, incorpora el kanji japon\u00e9s \"Seiryoku-Zenyo\", que se traduce como \"m\u00e1ximo rendimiento con un m\u00ednimo esfuerzo\", un principio fundamental del judo.","og_url":"https:\/\/judobaboon.com\/index.php\/producto\/_003\/","og_site_name":"JUDOBABOON","article_modified_time":"2025-10-06T13:51:45+00:00","og_image":[{"width":2553,"height":2560,"url":"https:\/\/judobaboon.com\/wp-content\/uploads\/2023\/10\/JB03-DELANTE-CUADRADO-scaled.jpg","type":"image\/jpeg"}],"twitter_card":"summary_large_image","schema":{"@context":"https:\/\/schema.org","@graph":[{"@type":"WebPage","@id":"https:\/\/judobaboon.com\/index.php\/producto\/_003\/","url":"https:\/\/judobaboon.com\/index.php\/producto\/_003\/","name":"_003 - JUDOBABOON","isPartOf":{"@id":"https:\/\/judobaboon.com\/#website"},"primaryImageOfPage":{"@id":"https:\/\/judobaboon.com\/index.php\/producto\/_003\/#primaryimage"},"image":{"@id":"https:\/\/judobaboon.com\/index.php\/producto\/_003\/#primaryimage"},"thumbnailUrl":"https:\/\/judobaboon.com\/wp-content\/uploads\/2023\/10\/JB03-DELANTE-CUADRADO-scaled.jpg","datePublished":"2023-10-13T12:20:15+00:00","dateModified":"2025-10-06T13:51:45+00:00","description":"Una camiseta de algod\u00f3n 100% de 210 gramos de peso, relacionada con el judo, que destaca por su dise\u00f1o \u00fanico y significativo. En la parte frontal, presenta un bordado detallado que representa una secuencia de uchi mata, una de las t\u00e9cnicas de lanzamiento m\u00e1s ic\u00f3nicas en el judo. En la parte trasera, la camiseta cuenta con una impresi\u00f3n digital de la posici\u00f3n de tsutemi uchi mata, lo que a\u00f1ade profundidad al dise\u00f1o y refuerza la conexi\u00f3n con este deporte. Adem\u00e1s, incorpora el kanji japon\u00e9s \"Seiryoku-Zenyo\", que se traduce como \"m\u00e1ximo rendimiento con un m\u00ednimo esfuerzo\", un principio fundamental del judo.","breadcrumb":{"@id":"https:\/\/judobaboon.com\/index.php\/producto\/_003\/#breadcrumb"},"inLanguage":"es","potentialAction":[{"@type":"ReadAction","target":["https:\/\/judobaboon.com\/index.php\/producto\/_003\/"]}]},{"@type":"ImageObject","inLanguage":"es","@id":"https:\/\/judobaboon.com\/index.php\/producto\/_003\/#primaryimage","url":"https:\/\/judobaboon.com\/wp-content\/uploads\/2023\/10\/JB03-DELANTE-CUADRADO-scaled.jpg","contentUrl":"https:\/\/judobaboon.com\/wp-content\/uploads\/2023\/10\/JB03-DELANTE-CUADRADO-scaled.jpg","width":2553,"height":2560},{"@type":"BreadcrumbList","@id":"https:\/\/judobaboon.com\/index.php\/producto\/_003\/#breadcrumb","itemListElement":[{"@type":"ListItem","position":1,"name":"Ropa de Judo","item":"https:\/\/judobaboon.com\/"},{"@type":"ListItem","position":2,"name":"_003"}]},{"@type":"WebSite","@id":"https:\/\/judobaboon.com\/#website","url":"https:\/\/judobaboon.com\/","name":"JUDOBABOON","description":"The judoka who sweats more in training bleeds less in battle","publisher":{"@id":"https:\/\/judobaboon.com\/#organization"},"potentialAction":[{"@type":"SearchAction","target":{"@type":"EntryPoint","urlTemplate":"https:\/\/judobaboon.com\/?s={search_term_string}"},"query-input":{"@type":"PropertyValueSpecification","valueRequired":true,"valueName":"search_term_string"}}],"inLanguage":"es"},{"@type":"Organization","@id":"https:\/\/judobaboon.com\/#organization","name":"JUDOBABOON","url":"https:\/\/judobaboon.com\/","logo":{"@type":"ImageObject","inLanguage":"es","@id":"https:\/\/judobaboon.com\/#\/schema\/logo\/image\/","url":"https:\/\/judobaboon.com\/wp-content\/uploads\/2023\/10\/cropped-LOGO-JUDO-BABOON-REGISTRO-1.png","contentUrl":"https:\/\/judobaboon.com\/wp-content\/uploads\/2023\/10\/cropped-LOGO-JUDO-BABOON-REGISTRO-1.png","width":1129,"height":839,"caption":"JUDOBABOON"},"image":{"@id":"https:\/\/judobaboon.com\/#\/schema\/logo\/image\/"},"sameAs":["https:\/\/www.instagram.com\/judobaboon\/"]}]}},"jetpack_sharing_enabled":true,"_links":{"self":[{"href":"https:\/\/judobaboon.com\/index.php\/wp-json\/wp\/v2\/product\/72","targetHints":{"allow":["GET"]}}],"collection":[{"href":"https:\/\/judobaboon.com\/index.php\/wp-json\/wp\/v2\/product"}],"about":[{"href":"https:\/\/judobaboon.com\/index.php\/wp-json\/wp\/v2\/types\/product"}],"wp:featuredmedia":[{"embeddable":true,"href":"https:\/\/judobaboon.com\/index.php\/wp-json\/wp\/v2\/media\/301"}],"wp:attachment":[{"href":"https:\/\/judobaboon.com\/index.php\/wp-json\/wp\/v2\/media?parent=72"}],"wp:term":[{"taxonomy":"product_brand","embeddable":true,"href":"https:\/\/judobaboon.com\/index.php\/wp-json\/wp\/v2\/product_brand?post=72"},{"taxonomy":"product_cat","embeddable":true,"href":"https:\/\/judobaboon.com\/index.php\/wp-json\/wp\/v2\/product_cat?post=72"},{"taxonomy":"product_tag","embeddable":true,"href":"https:\/\/judobaboon.com\/index.php\/wp-json\/wp\/v2\/product_tag?post=72"}],"curies":[{"name":"wp","href":"https:\/\/api.w.org\/{rel}","templated":true}]}}